{"id":2158,"date":"2016-12-16T09:56:44","date_gmt":"2016-12-16T08:56:44","guid":{"rendered":"http:\/\/assmat-62.fr\/espace-parents\/?page_id=2158"},"modified":"2021-09-16T08:39:00","modified_gmt":"2021-09-16T07:39:00","slug":"contactez-nounou-delphine","status":"publish","type":"page","link":"https:\/\/assmat-62.fr\/espace-parents\/contactez-nounou-delphine\/","title":{"rendered":"Contactez Nounou Delphine :"},"content":{"rendered":"<h1>Vous d\u00e9sirez me contacter :<\/h1>\n<p>Voici mon num\u00e9ro de t\u00e9l\u00e9phone : <strong>07.83.68.80.62<\/strong> ( Delphine Denecker ) utilisable de 9h00 \u00e0 18h00. Je vous r\u00e9pondrai selon ma disponibilit\u00e9, donc n&rsquo;h\u00e9sitez pas \u00e0 laisser un message et je vous rappellerai.<\/p>\n<p>Mon e-mail : <a href=\"mailto:delphinedenecker1973@gmail.com\">delphinedenecker1973@gmail.com<\/a><\/p>\n<p>Pour me situer \u00e0 Penin, 11 Hameau de Doffines :<\/p>\n<p><iframe loading=\"lazy\" style=\"border: 0;\" src=\"https:\/\/www.google.com\/maps\/embed?pb=!1m14!1m8!1m3!1d20378.65405536394!2d2.5046089999999994!3d50.32306150000001!3m2!1i1024!2i768!4f13.1!3m3!1m2!1s0x47dd14b337246581%3A0xa20a40e375884ed9!2s11+Hameau+de+Doffine%2C+62127+Penin!5e0!3m2!1sfr!2sfr!4v1424195095186\" width=\"600\" height=\"450\" frameborder=\"0\"><\/iframe><\/p>\n","protected":false},"excerpt":{"rendered":"<p>Vous d\u00e9sirez me contacter : Voici mon num\u00e9ro de t\u00e9l\u00e9phone : 07.83.68.80.62 ( Delphine Denecker ) utilisable de 9h00 \u00e0 18h00. Je vous r\u00e9pondrai selon ma disponibilit\u00e9, donc n&rsquo;h\u00e9sitez pas \u00e0 laisser un message et je vous rappellerai. Mon e-mail : delphinedenecker1973@gmail.com Pour me situer \u00e0 Penin, 11 Hameau de Doffines :<\/p>\n","protected":false},"author":1,"featured_media":0,"parent":0,"menu_order":0,"comment_status":"closed","ping_status":"closed","template":"","meta":{"footnotes":""},"class_list":["post-2158","page","type-page","status-publish","hentry"],"yoast_head":"<!-- This site is optimized with the Yoast SEO plugin v27.5 - https:\/\/yoast.com\/product\/yoast-seo-wordpress\/ -->\n<title>Contactez Nounou Delphine : - Chez Nounou Delphine<\/title>\n<meta name=\"robots\" content=\"index, follow, max-snippet:-1, max-image-preview:large, max-video-preview:-1\" \/>\n<link rel=\"canonical\" href=\"https:\/\/assmat-62.fr\/espace-parents\/contactez-nounou-delphine\/\" \/>\n<meta property=\"og:locale\" content=\"fr_FR\" \/>\n<meta property=\"og:type\" content=\"article\" \/>\n<meta property=\"og:title\" content=\"Contactez Nounou Delphine : - Chez Nounou Delphine\" \/>\n<meta property=\"og:description\" content=\"Vous d\u00e9sirez me contacter : Voici mon num\u00e9ro de t\u00e9l\u00e9phone : 07.83.68.80.62 ( Delphine Denecker ) utilisable de 9h00 \u00e0 18h00. Je vous r\u00e9pondrai selon ma disponibilit\u00e9, donc n&rsquo;h\u00e9sitez pas \u00e0 laisser un message et je vous rappellerai. Mon e-mail : delphinedenecker1973@gmail.com Pour me situer \u00e0 Penin, 11 Hameau de Doffines :\" \/>\n<meta property=\"og:url\" content=\"https:\/\/assmat-62.fr\/espace-parents\/contactez-nounou-delphine\/\" \/>\n<meta property=\"og:site_name\" content=\"Chez Nounou Delphine\" \/>\n<meta property=\"article:modified_time\" content=\"2021-09-16T07:39:00+00:00\" \/>\n<meta name=\"twitter:card\" content=\"summary_large_image\" \/>\n<meta name=\"twitter:label1\" content=\"Dur\u00e9e de lecture estim\u00e9e\" \/>\n\t<meta name=\"twitter:data1\" content=\"1 minute\" \/>\n<script type=\"application\/ld+json\" class=\"yoast-schema-graph\">{\"@context\":\"https:\\\/\\\/schema.org\",\"@graph\":[{\"@type\":\"WebPage\",\"@id\":\"https:\\\/\\\/assmat-62.fr\\\/espace-parents\\\/contactez-nounou-delphine\\\/\",\"url\":\"https:\\\/\\\/assmat-62.fr\\\/espace-parents\\\/contactez-nounou-delphine\\\/\",\"name\":\"Contactez Nounou Delphine : - Chez Nounou Delphine\",\"isPartOf\":{\"@id\":\"https:\\\/\\\/assmat-62.fr\\\/espace-parents\\\/#website\"},\"datePublished\":\"2016-12-16T08:56:44+00:00\",\"dateModified\":\"2021-09-16T07:39:00+00:00\",\"breadcrumb\":{\"@id\":\"https:\\\/\\\/assmat-62.fr\\\/espace-parents\\\/contactez-nounou-delphine\\\/#breadcrumb\"},\"inLanguage\":\"fr-FR\",\"potentialAction\":[{\"@type\":\"ReadAction\",\"target\":[\"https:\\\/\\\/assmat-62.fr\\\/espace-parents\\\/contactez-nounou-delphine\\\/\"]}]},{\"@type\":\"BreadcrumbList\",\"@id\":\"https:\\\/\\\/assmat-62.fr\\\/espace-parents\\\/contactez-nounou-delphine\\\/#breadcrumb\",\"itemListElement\":[{\"@type\":\"ListItem\",\"position\":1,\"name\":\"Accueil\",\"item\":\"https:\\\/\\\/assmat-62.fr\\\/espace-parents\\\/\"},{\"@type\":\"ListItem\",\"position\":2,\"name\":\"Contactez Nounou Delphine :\"}]},{\"@type\":\"WebSite\",\"@id\":\"https:\\\/\\\/assmat-62.fr\\\/espace-parents\\\/#website\",\"url\":\"https:\\\/\\\/assmat-62.fr\\\/espace-parents\\\/\",\"name\":\"Chez Nounou Delphine\",\"description\":\"\",\"potentialAction\":[{\"@type\":\"SearchAction\",\"target\":{\"@type\":\"EntryPoint\",\"urlTemplate\":\"https:\\\/\\\/assmat-62.fr\\\/espace-parents\\\/?s={search_term_string}\"},\"query-input\":{\"@type\":\"PropertyValueSpecification\",\"valueRequired\":true,\"valueName\":\"search_term_string\"}}],\"inLanguage\":\"fr-FR\"}]}<\/script>\n<!-- \/ Yoast SEO plugin. -->","yoast_head_json":{"title":"Contactez Nounou Delphine : - Chez Nounou Delphine","robots":{"index":"index","follow":"follow","max-snippet":"max-snippet:-1","max-image-preview":"max-image-preview:large","max-video-preview":"max-video-preview:-1"},"canonical":"https:\/\/assmat-62.fr\/espace-parents\/contactez-nounou-delphine\/","og_locale":"fr_FR","og_type":"article","og_title":"Contactez Nounou Delphine : - Chez Nounou Delphine","og_description":"Vous d\u00e9sirez me contacter : Voici mon num\u00e9ro de t\u00e9l\u00e9phone : 07.83.68.80.62 ( Delphine Denecker ) utilisable de 9h00 \u00e0 18h00. Je vous r\u00e9pondrai selon ma disponibilit\u00e9, donc n&rsquo;h\u00e9sitez pas \u00e0 laisser un message et je vous rappellerai. Mon e-mail : delphinedenecker1973@gmail.com Pour me situer \u00e0 Penin, 11 Hameau de Doffines :","og_url":"https:\/\/assmat-62.fr\/espace-parents\/contactez-nounou-delphine\/","og_site_name":"Chez Nounou Delphine","article_modified_time":"2021-09-16T07:39:00+00:00","twitter_card":"summary_large_image","twitter_misc":{"Dur\u00e9e de lecture estim\u00e9e":"1 minute"},"schema":{"@context":"https:\/\/schema.org","@graph":[{"@type":"WebPage","@id":"https:\/\/assmat-62.fr\/espace-parents\/contactez-nounou-delphine\/","url":"https:\/\/assmat-62.fr\/espace-parents\/contactez-nounou-delphine\/","name":"Contactez Nounou Delphine : - Chez Nounou Delphine","isPartOf":{"@id":"https:\/\/assmat-62.fr\/espace-parents\/#website"},"datePublished":"2016-12-16T08:56:44+00:00","dateModified":"2021-09-16T07:39:00+00:00","breadcrumb":{"@id":"https:\/\/assmat-62.fr\/espace-parents\/contactez-nounou-delphine\/#breadcrumb"},"inLanguage":"fr-FR","potentialAction":[{"@type":"ReadAction","target":["https:\/\/assmat-62.fr\/espace-parents\/contactez-nounou-delphine\/"]}]},{"@type":"BreadcrumbList","@id":"https:\/\/assmat-62.fr\/espace-parents\/contactez-nounou-delphine\/#breadcrumb","itemListElement":[{"@type":"ListItem","position":1,"name":"Accueil","item":"https:\/\/assmat-62.fr\/espace-parents\/"},{"@type":"ListItem","position":2,"name":"Contactez Nounou Delphine :"}]},{"@type":"WebSite","@id":"https:\/\/assmat-62.fr\/espace-parents\/#website","url":"https:\/\/assmat-62.fr\/espace-parents\/","name":"Chez Nounou Delphine","description":"","potentialAction":[{"@type":"SearchAction","target":{"@type":"EntryPoint","urlTemplate":"https:\/\/assmat-62.fr\/espace-parents\/?s={search_term_string}"},"query-input":{"@type":"PropertyValueSpecification","valueRequired":true,"valueName":"search_term_string"}}],"inLanguage":"fr-FR"}]}},"_links":{"self":[{"href":"https:\/\/assmat-62.fr\/espace-parents\/wp-json\/wp\/v2\/pages\/2158","targetHints":{"allow":["GET"]}}],"collection":[{"href":"https:\/\/assmat-62.fr\/espace-parents\/wp-json\/wp\/v2\/pages"}],"about":[{"href":"https:\/\/assmat-62.fr\/espace-parents\/wp-json\/wp\/v2\/types\/page"}],"author":[{"embeddable":true,"href":"https:\/\/assmat-62.fr\/espace-parents\/wp-json\/wp\/v2\/users\/1"}],"replies":[{"embeddable":true,"href":"https:\/\/assmat-62.fr\/espace-parents\/wp-json\/wp\/v2\/comments?post=2158"}],"version-history":[{"count":6,"href":"https:\/\/assmat-62.fr\/espace-parents\/wp-json\/wp\/v2\/pages\/2158\/revisions"}],"predecessor-version":[{"id":2823,"href":"https:\/\/assmat-62.fr\/espace-parents\/wp-json\/wp\/v2\/pages\/2158\/revisions\/2823"}],"wp:attachment":[{"href":"https:\/\/assmat-62.fr\/espace-parents\/wp-json\/wp\/v2\/media?parent=2158"}],"curies":[{"name":"wp","href":"https:\/\/api.w.org\/{rel}","templated":true}]}}