{"id":2144,"date":"2016-12-16T09:44:30","date_gmt":"2016-12-16T08:44:30","guid":{"rendered":"http:\/\/assmat-62.fr\/espace-parents\/?page_id=2144"},"modified":"2016-12-16T11:13:54","modified_gmt":"2016-12-16T10:13:54","slug":"nourrice-agreee","status":"publish","type":"page","link":"https:\/\/assmat-62.fr\/espace-parents\/nourrice-agreee\/","title":{"rendered":"Assistante maternelle 62127"},"content":{"rendered":"<h1 align=\"left\">Mon fonctionnement professionnel :<\/h1>\n<ol>\n<li>Le premier entretien<\/li>\n<li>L&rsquo;accompagnement<\/li>\n<li>La transmission<\/li>\n<li>Les points importants de mon activit\u00e9 : Musique, d\u00e9veloppements, repas, sommeil, dessins, \u00e9changes et jeux<\/li>\n<li>Mon \u00e9thique professionnelle<\/li>\n<\/ol>\n<hr noshade=\"noshade\" \/>\n<p><strong><img loading=\"lazy\" decoding=\"async\" class=\"size-medium wp-image-2168 alignleft\" src=\"http:\/\/assmat-62.fr\/espace-parents\/wp-content\/uploads\/2016\/12\/text4464-7-192x400.png\" alt=\"\" width=\"192\" height=\"400\" srcset=\"https:\/\/assmat-62.fr\/espace-parents\/wp-content\/uploads\/2016\/12\/text4464-7-192x400.png 192w, https:\/\/assmat-62.fr\/espace-parents\/wp-content\/uploads\/2016\/12\/text4464-7.png 200w\" sizes=\"auto, (max-width: 192px) 100vw, 192px\" \/>1- Le premier entretien :<\/strong><\/p>\n<div>Je propose un premier entretien pour pr\u00e9parer un projet d&rsquo;accueil en fonction de vos n\u00e9cessit\u00e9s.<\/div>\n<div>J&rsquo;ai besoin de comprendre la d\u00e9marche de la famille, de dialoguer sur les conditions d&rsquo;accueil (horaires, activit\u00e9s, &#8230;), d&rsquo;aborder les questions relatives au contrat de travail (tarifs, vacances, &#8230;), de faire d\u00e9couvrir mon logement et les pi\u00e8ces de vie des enfants et de vous informer sur mes formations, ma vision sur ma profession.<\/div>\n<div>Ceci me permet d&rsquo;\u00e9tablir une relation de confiance avec les parents en tenant compte de ma propre famille que je vous pr\u00e9senterai \u00e9galement.<\/div>\n<p><strong>2- L&rsquo;accompagnement :<\/strong><\/p>\n<div>J&rsquo;accompagne au mieux votre enfant pour satisfaire chacun de ses besoins. L&rsquo;id\u00e9e est d&rsquo;amener votre enfant \u00e0 l&rsquo;\u00e9panouissement soit :<\/div>\n<div><\/div>\n<div>\n<ul>\n<li>Besoins physiologiques (manger, boire, dormir, hygi\u00e8ne )<\/li>\n<li>Besoins de s\u00e9curit\u00e9s (se sentir prot\u00e9g\u00e9 contre les dangers, protection morale et physique, la sant\u00e9, protection environnementale)<\/li>\n<li>Besoins d&rsquo;appartenance, besoins affectifs<\/li>\n<li>Besoins d&rsquo;estime.<\/li>\n<\/ul>\n<p><strong>3- La transmission :<\/strong><\/p>\n<div dir=\"ltr\">\n<div>\u00ab\u00a0Cahier de bord \u00a0\u00bb et \u00ab\u00a0cahier d&rsquo;activit\u00e9s sont des outils importants pour noter les faits significatifs journaliers, les acquisitions, les observations afin de rep\u00e9rer les rythmes du b\u00e9b\u00e9 et de mieux le respecter.<\/div>\n<div><\/div>\n<div>On notera les activit\u00e9s d&rsquo;\u00e9veil, l&rsquo;alimentation (qualit\u00e9, quantit\u00e9, go\u00fbts et d\u00e9go\u00fbts, attitudes, comportements alimentaires), le sommeil, l&rsquo;\u00e9limination (selles, urines), les maladies, le traitement (sous prescription m\u00e9dicale, heures des prises, doses r\u00e9actions) incident ou accident (morsures, chutes, doigt pinc\u00e9&#8230;), les acquisitions psychomotrices, le comportement&#8230;<\/div>\n<div>La transmission est journali\u00e8re.<\/div>\n<\/div>\n<\/div>\n<p><strong>4- Les points importants de mon activit\u00e9s (j&rsquo;adapte bien entendu mes activit\u00e9s selon l&rsquo;\u00e2ge de votre enfant) :<\/strong><\/p>\n<div dir=\"ltr\">\n<div>* la musique<\/div>\n<div>Avec une formation \u00e0 l&rsquo;\u00e9veil musicale qui permettra \u00e0 votre enfant d\u00e8s son plus jeune \u00e2ge d&rsquo;\u00eatre berc\u00e9 par les sons, les rythmes, les comptines en fonction des moments choisis (d\u00e9tente, d\u00e9couverte, expression, imitation&#8230;)<\/div>\n<div><\/div>\n<div>\n<p>* le d\u00e9veloppement,qu&rsquo;il soit<\/p>\n<ul>\n<li>affectif (sentiments, \u00e9motions)<\/li>\n<li>cognitif (facult\u00e9 d&rsquo;apprendre, d&rsquo;acqu\u00e9rir des connaissances)<\/li>\n<li>moteur (prendre, attraper, marcher, grimper, courir&#8230;)<\/li>\n<li>sensoriel (impression gr\u00e2ce aux 5 sens)<\/li>\n<\/ul>\n<\/div>\n<div><\/div>\n<div><\/div>\n<div>* le repas<br \/>\nle repas est un temps de plaisir et de communication. Nous le prenons tous ensemble avec des rituels en chansons (\u00ab\u00a0bon app\u00e9tit\u00a0\u00bb, se laver les mains, merci, s&rsquo;il te plait etc&#8230;)<\/div>\n<div>Tout se fait en douceur avec la reproduction de gestes en toute simplicit\u00e9 dans un climat de partage.<\/div>\n<div><\/div>\n<div>* le sommeil<\/div>\n<div>Le sommeil est constructif. Dormir aide \u00e0 grandir, \u00e0 m\u00e9moriser ce que l&rsquo;on apprend et \u00e0 d\u00e9velopper le cerveau. Le sommeil est un besoin qui varie d&rsquo;un enfant \u00e0 l&rsquo;autre, parfois d&rsquo;un jour \u00e0 l&rsquo;autre.<\/div>\n<div>\n<p>Le meilleur rep\u00e8re d&rsquo;un bon sommeil c&rsquo;est un enfant en forme dans la journ\u00e9e. Quelques fois on a besoin d&rsquo;un \u00e9l\u00e9ment tampon pour la s\u00e9paration : comme un doudou qui aide aussi pour le sommeil&#8230;<\/p>\n<\/div>\n<div>\n<div><\/div>\n<p>* le dessin<\/p>\n<div><\/div>\n<div>avec les diff\u00e9rents stades du dessin selon les \u00e9tapes du d\u00e9veloppement de l&rsquo;enfant (les pr\u00e9misses, le gribouillage, le r\u00e9alisme fortuit, le r\u00e9alisme manqu\u00e9 et progressivement d\u00e9couvert, le r\u00e9alisme intellectuel, et bien plus tard conventionnel). Avec les diff\u00e9rents outils (peinture, crayon, craie, crayon de cire, tampon, support papier ou autre, vertical ou horizontal&#8230;.)<\/div>\n<div><\/div>\n<div>*les jeux<\/div>\n<div>avec des significations du jeu selon les stades de d\u00e9veloppement de l&rsquo;enfant (selon l&rsquo;acquisition en cours : la vue, l&rsquo;assise, la pr\u00e9hension, la marche, l&rsquo;imitation, etc&#8230;)<\/div>\n<div><\/div>\n<div>* l&rsquo;\u00e9change<\/div>\n<div>je porte une attention particuli\u00e8re \u00e0 une bonne transmission parents-assistante maternelle mais aussi \u00e0 l&rsquo;\u00e9change des moments forts (anniversaires, f\u00eates des m\u00e8res, des p\u00e8res, No\u00ebl, P\u00e2ques, etc &#8230;..)<\/div>\n<div>Le relais d&rsquo;assistante maternelle permet de partager aussi des moments importants en r\u00e9unissant parfois les deux parties (sorties, f\u00eate de No\u00ebl, Carnaval etc &#8230;..)<\/div>\n<div>Les enfants en garde chez moi aiment aussi se retrouver \u00e0 l&rsquo;ext\u00e9rieur (\u00e9cole, chez eux, etc&#8230;) : une complicit\u00e9 est in\u00e9vitable !!!<\/div>\n<p><strong>5- Mon \u00e9thique professionnelle :<\/strong><\/p>\n<div>\n<h2>Je m&rsquo;engage \u00e0 respecter les principes fondamentaux suivants :<\/h2>\n<div><\/div>\n<div>&#8211; j&rsquo;entoure l&rsquo;enfant confi\u00e9 de soins vigilants, je soutiens son d\u00e9veloppement et sa recherche d&rsquo;autonomie, en compl\u00e9mentarit\u00e9 \u00e9ducative des parents.<\/div>\n<div>&#8211; je respecte l&rsquo;enfant, sa famille et veille au maintien des bonnes relations avec celle-ci.<\/div>\n<div>&#8211; je reconnais et respecte le droit \u00e0 la diff\u00e9rence de chaque individu qu&rsquo;il s&rsquo;agisse de la nationalit\u00e9, de la culture, de la religion, du mode de vie, du handicap.<\/div>\n<div>&#8211; je n&rsquo;impose pas mes valeurs personnelles mais peux sugg\u00e9rer d&rsquo;autre approches \u00e9ducatives et d&rsquo;int\u00e9grations sociales.<\/div>\n<div>&#8211; je m&rsquo;efforce de cr\u00e9er un climat de confiance r\u00e9ciproque entre les parents et les autres professionnels de la petite enfance.<\/div>\n<div>&#8211; en raison de l&rsquo;exercice de ma profession dans mon propre foyer je me dois de recueillir l&rsquo;adh\u00e9sion de ma famille (en veillant \u00e0 leur protection et au respect de la place de chacun)<\/div>\n<div>&#8211; j&rsquo;adh\u00e8re \u00e0 \u00a0un contrat de travail \u00e9tabli avec un projet \u00e9ducatif avec les parents et une p\u00e9riode d&rsquo;adaptation<\/div>\n<div>&#8211; j&rsquo;ai le soucis de me former, me perfectionner, de me remettre en cause et \u00e9voluer<\/div>\n<div>&#8211; je suis li\u00e9e au secret professionnel<\/div>\n<div>&#8211; je suis tenue \u00e0 l&rsquo;obligation de r\u00e9serve et de discr\u00e9tion professionnelles (opinions politiques et religieuses)<\/div>\n<div>&#8211; je me dois de favoriser les relations avec mes paires en toutes cat\u00e9gories d&rsquo;accueil en prenant conscience que j&rsquo;appartiens \u00e0 un m\u00eame corps professionnel.<\/div>\n<\/div>\n<div><img loading=\"lazy\" decoding=\"async\" class=\"wp-image-2165 size-large aligncenter\" src=\"http:\/\/assmat-62.fr\/espace-parents\/wp-content\/uploads\/2016\/12\/path6408-2000x545.png\" width=\"740\" height=\"202\" srcset=\"https:\/\/assmat-62.fr\/espace-parents\/wp-content\/uploads\/2016\/12\/path6408-2000x545.png 2000w, https:\/\/assmat-62.fr\/espace-parents\/wp-content\/uploads\/2016\/12\/path6408-500x136.png 500w, https:\/\/assmat-62.fr\/espace-parents\/wp-content\/uploads\/2016\/12\/path6408-768x209.png 768w\" sizes=\"auto, (max-width: 740px) 100vw, 740px\" \/><\/div>\n<\/div>\n<\/div>\n","protected":false},"excerpt":{"rendered":"<p>Mon fonctionnement professionnel : Le premier entretien L&rsquo;accompagnement La transmission Les points importants de mon activit\u00e9 : Musique, d\u00e9veloppements, repas, sommeil, dessins, \u00e9changes et jeux Mon \u00e9thique professionnelle 1- Le premier entretien : Je propose un premier entretien pour pr\u00e9parer un projet d&rsquo;accueil en fonction de vos n\u00e9cessit\u00e9s. J&rsquo;ai besoin de comprendre la d\u00e9marche de [&hellip;]<\/p>\n","protected":false},"author":1,"featured_media":0,"parent":0,"menu_order":0,"comment_status":"closed","ping_status":"closed","template":"","meta":{"footnotes":""},"class_list":["post-2144","page","type-page","status-publish","hentry"],"yoast_head":"<!-- This site is optimized with the Yoast SEO plugin v27.5 - https:\/\/yoast.com\/product\/yoast-seo-wordpress\/ -->\n<title>fonctionnement d&#039;une nourrice agr\u00e9\u00e9e Penin 62127 : assistante maternelle<\/title>\n<meta name=\"description\" content=\"Une nourrice agr\u00e9e r\u00e9pond \u00e0 de nombreuses r\u00e8gles indispensables pour l&#039;\u00e9veil, le bonheur et l&#039;\u00e9volution des b\u00e9b\u00e9s. Voici la vision de mon m\u00e9tier :\" \/>\n<meta name=\"robots\" content=\"index, follow, max-snippet:-1, max-image-preview:large, max-video-preview:-1\" \/>\n<link rel=\"canonical\" href=\"https:\/\/assmat-62.fr\/espace-parents\/nourrice-agreee\/\" \/>\n<meta property=\"og:locale\" content=\"fr_FR\" \/>\n<meta property=\"og:type\" content=\"article\" \/>\n<meta property=\"og:title\" content=\"fonctionnement d&#039;une nourrice agr\u00e9\u00e9e Penin 62127 : assistante maternelle\" \/>\n<meta property=\"og:description\" content=\"Une nourrice agr\u00e9e r\u00e9pond \u00e0 de nombreuses r\u00e8gles indispensables pour l&#039;\u00e9veil, le bonheur et l&#039;\u00e9volution des b\u00e9b\u00e9s. Voici la vision de mon m\u00e9tier :\" \/>\n<meta property=\"og:url\" content=\"https:\/\/assmat-62.fr\/espace-parents\/nourrice-agreee\/\" \/>\n<meta property=\"og:site_name\" content=\"Chez Nounou Delphine\" \/>\n<meta property=\"article:modified_time\" content=\"2016-12-16T10:13:54+00:00\" \/>\n<meta property=\"og:image\" content=\"http:\/\/assmat-62.fr\/espace-parents\/wp-content\/uploads\/2016\/12\/text4464-7-192x400.png\" \/>\n<meta name=\"twitter:card\" content=\"summary_large_image\" \/>\n<meta name=\"twitter:label1\" content=\"Dur\u00e9e de lecture estim\u00e9e\" \/>\n\t<meta name=\"twitter:data1\" content=\"5 minutes\" \/>\n<script type=\"application\/ld+json\" class=\"yoast-schema-graph\">{\"@context\":\"https:\\\/\\\/schema.org\",\"@graph\":[{\"@type\":\"WebPage\",\"@id\":\"https:\\\/\\\/assmat-62.fr\\\/espace-parents\\\/nourrice-agreee\\\/\",\"url\":\"https:\\\/\\\/assmat-62.fr\\\/espace-parents\\\/nourrice-agreee\\\/\",\"name\":\"fonctionnement d'une nourrice agr\u00e9\u00e9e Penin 62127 : assistante maternelle\",\"isPartOf\":{\"@id\":\"https:\\\/\\\/assmat-62.fr\\\/espace-parents\\\/#website\"},\"primaryImageOfPage\":{\"@id\":\"https:\\\/\\\/assmat-62.fr\\\/espace-parents\\\/nourrice-agreee\\\/#primaryimage\"},\"image\":{\"@id\":\"https:\\\/\\\/assmat-62.fr\\\/espace-parents\\\/nourrice-agreee\\\/#primaryimage\"},\"thumbnailUrl\":\"http:\\\/\\\/assmat-62.fr\\\/espace-parents\\\/wp-content\\\/uploads\\\/2016\\\/12\\\/text4464-7-192x400.png\",\"datePublished\":\"2016-12-16T08:44:30+00:00\",\"dateModified\":\"2016-12-16T10:13:54+00:00\",\"description\":\"Une nourrice agr\u00e9e r\u00e9pond \u00e0 de nombreuses r\u00e8gles indispensables pour l'\u00e9veil, le bonheur et l'\u00e9volution des b\u00e9b\u00e9s. Voici la vision de mon m\u00e9tier :\",\"breadcrumb\":{\"@id\":\"https:\\\/\\\/assmat-62.fr\\\/espace-parents\\\/nourrice-agreee\\\/#breadcrumb\"},\"inLanguage\":\"fr-FR\",\"potentialAction\":[{\"@type\":\"ReadAction\",\"target\":[\"https:\\\/\\\/assmat-62.fr\\\/espace-parents\\\/nourrice-agreee\\\/\"]}]},{\"@type\":\"ImageObject\",\"inLanguage\":\"fr-FR\",\"@id\":\"https:\\\/\\\/assmat-62.fr\\\/espace-parents\\\/nourrice-agreee\\\/#primaryimage\",\"url\":\"http:\\\/\\\/assmat-62.fr\\\/espace-parents\\\/wp-content\\\/uploads\\\/2016\\\/12\\\/text4464-7-192x400.png\",\"contentUrl\":\"http:\\\/\\\/assmat-62.fr\\\/espace-parents\\\/wp-content\\\/uploads\\\/2016\\\/12\\\/text4464-7-192x400.png\"},{\"@type\":\"BreadcrumbList\",\"@id\":\"https:\\\/\\\/assmat-62.fr\\\/espace-parents\\\/nourrice-agreee\\\/#breadcrumb\",\"itemListElement\":[{\"@type\":\"ListItem\",\"position\":1,\"name\":\"Accueil\",\"item\":\"https:\\\/\\\/assmat-62.fr\\\/espace-parents\\\/\"},{\"@type\":\"ListItem\",\"position\":2,\"name\":\"Assistante maternelle 62127\"}]},{\"@type\":\"WebSite\",\"@id\":\"https:\\\/\\\/assmat-62.fr\\\/espace-parents\\\/#website\",\"url\":\"https:\\\/\\\/assmat-62.fr\\\/espace-parents\\\/\",\"name\":\"Chez Nounou Delphine\",\"description\":\"\",\"potentialAction\":[{\"@type\":\"SearchAction\",\"target\":{\"@type\":\"EntryPoint\",\"urlTemplate\":\"https:\\\/\\\/assmat-62.fr\\\/espace-parents\\\/?s={search_term_string}\"},\"query-input\":{\"@type\":\"PropertyValueSpecification\",\"valueRequired\":true,\"valueName\":\"search_term_string\"}}],\"inLanguage\":\"fr-FR\"}]}<\/script>\n<!-- \/ Yoast SEO plugin. -->","yoast_head_json":{"title":"fonctionnement d'une nourrice agr\u00e9\u00e9e Penin 62127 : assistante maternelle","description":"Une nourrice agr\u00e9e r\u00e9pond \u00e0 de nombreuses r\u00e8gles indispensables pour l'\u00e9veil, le bonheur et l'\u00e9volution des b\u00e9b\u00e9s. Voici la vision de mon m\u00e9tier :","robots":{"index":"index","follow":"follow","max-snippet":"max-snippet:-1","max-image-preview":"max-image-preview:large","max-video-preview":"max-video-preview:-1"},"canonical":"https:\/\/assmat-62.fr\/espace-parents\/nourrice-agreee\/","og_locale":"fr_FR","og_type":"article","og_title":"fonctionnement d'une nourrice agr\u00e9\u00e9e Penin 62127 : assistante maternelle","og_description":"Une nourrice agr\u00e9e r\u00e9pond \u00e0 de nombreuses r\u00e8gles indispensables pour l'\u00e9veil, le bonheur et l'\u00e9volution des b\u00e9b\u00e9s. Voici la vision de mon m\u00e9tier :","og_url":"https:\/\/assmat-62.fr\/espace-parents\/nourrice-agreee\/","og_site_name":"Chez Nounou Delphine","article_modified_time":"2016-12-16T10:13:54+00:00","og_image":[{"url":"http:\/\/assmat-62.fr\/espace-parents\/wp-content\/uploads\/2016\/12\/text4464-7-192x400.png","type":"","width":"","height":""}],"twitter_card":"summary_large_image","twitter_misc":{"Dur\u00e9e de lecture estim\u00e9e":"5 minutes"},"schema":{"@context":"https:\/\/schema.org","@graph":[{"@type":"WebPage","@id":"https:\/\/assmat-62.fr\/espace-parents\/nourrice-agreee\/","url":"https:\/\/assmat-62.fr\/espace-parents\/nourrice-agreee\/","name":"fonctionnement d'une nourrice agr\u00e9\u00e9e Penin 62127 : assistante maternelle","isPartOf":{"@id":"https:\/\/assmat-62.fr\/espace-parents\/#website"},"primaryImageOfPage":{"@id":"https:\/\/assmat-62.fr\/espace-parents\/nourrice-agreee\/#primaryimage"},"image":{"@id":"https:\/\/assmat-62.fr\/espace-parents\/nourrice-agreee\/#primaryimage"},"thumbnailUrl":"http:\/\/assmat-62.fr\/espace-parents\/wp-content\/uploads\/2016\/12\/text4464-7-192x400.png","datePublished":"2016-12-16T08:44:30+00:00","dateModified":"2016-12-16T10:13:54+00:00","description":"Une nourrice agr\u00e9e r\u00e9pond \u00e0 de nombreuses r\u00e8gles indispensables pour l'\u00e9veil, le bonheur et l'\u00e9volution des b\u00e9b\u00e9s. Voici la vision de mon m\u00e9tier :","breadcrumb":{"@id":"https:\/\/assmat-62.fr\/espace-parents\/nourrice-agreee\/#breadcrumb"},"inLanguage":"fr-FR","potentialAction":[{"@type":"ReadAction","target":["https:\/\/assmat-62.fr\/espace-parents\/nourrice-agreee\/"]}]},{"@type":"ImageObject","inLanguage":"fr-FR","@id":"https:\/\/assmat-62.fr\/espace-parents\/nourrice-agreee\/#primaryimage","url":"http:\/\/assmat-62.fr\/espace-parents\/wp-content\/uploads\/2016\/12\/text4464-7-192x400.png","contentUrl":"http:\/\/assmat-62.fr\/espace-parents\/wp-content\/uploads\/2016\/12\/text4464-7-192x400.png"},{"@type":"BreadcrumbList","@id":"https:\/\/assmat-62.fr\/espace-parents\/nourrice-agreee\/#breadcrumb","itemListElement":[{"@type":"ListItem","position":1,"name":"Accueil","item":"https:\/\/assmat-62.fr\/espace-parents\/"},{"@type":"ListItem","position":2,"name":"Assistante maternelle 62127"}]},{"@type":"WebSite","@id":"https:\/\/assmat-62.fr\/espace-parents\/#website","url":"https:\/\/assmat-62.fr\/espace-parents\/","name":"Chez Nounou Delphine","description":"","potentialAction":[{"@type":"SearchAction","target":{"@type":"EntryPoint","urlTemplate":"https:\/\/assmat-62.fr\/espace-parents\/?s={search_term_string}"},"query-input":{"@type":"PropertyValueSpecification","valueRequired":true,"valueName":"search_term_string"}}],"inLanguage":"fr-FR"}]}},"_links":{"self":[{"href":"https:\/\/assmat-62.fr\/espace-parents\/wp-json\/wp\/v2\/pages\/2144","targetHints":{"allow":["GET"]}}],"collection":[{"href":"https:\/\/assmat-62.fr\/espace-parents\/wp-json\/wp\/v2\/pages"}],"about":[{"href":"https:\/\/assmat-62.fr\/espace-parents\/wp-json\/wp\/v2\/types\/page"}],"author":[{"embeddable":true,"href":"https:\/\/assmat-62.fr\/espace-parents\/wp-json\/wp\/v2\/users\/1"}],"replies":[{"embeddable":true,"href":"https:\/\/assmat-62.fr\/espace-parents\/wp-json\/wp\/v2\/comments?post=2144"}],"version-history":[{"count":4,"href":"https:\/\/assmat-62.fr\/espace-parents\/wp-json\/wp\/v2\/pages\/2144\/revisions"}],"predecessor-version":[{"id":2169,"href":"https:\/\/assmat-62.fr\/espace-parents\/wp-json\/wp\/v2\/pages\/2144\/revisions\/2169"}],"wp:attachment":[{"href":"https:\/\/assmat-62.fr\/espace-parents\/wp-json\/wp\/v2\/media?parent=2144"}],"curies":[{"name":"wp","href":"https:\/\/api.w.org\/{rel}","templated":true}]}}